{"id":7338,"date":"2024-01-27T12:53:59","date_gmt":"2024-01-27T12:53:59","guid":{"rendered":"https:\/\/fineco.lt\/?post_type=product&#038;p=7338"},"modified":"2024-04-23T12:01:37","modified_gmt":"2024-04-23T11:01:37","slug":"noggerath-septage-receiving-station-nsi-srs","status":"publish","type":"product","link":"https:\/\/fineco.lt\/en\/product\/noggerath-septage-receiving-station-nsi-srs\/","title":{"rendered":"Noggerath\u00ae Septage Receiving Station NSI-SRS"},"content":{"rendered":"<h3>Noggerath\u00ae Septage Receiving Station NSI-SRS &#8211; innovative and reliable solution for automatic treatment of incoming sewage<\/h3>\n<p>The <strong>Noggerath<sup>\u00ae<\/sup><\/strong><strong>Septage Receiving Station NSI-SRS <\/strong>is a combined plant consisting of a screen, a spiral conveyor, a screenings compactor and an additional washing area. It is <strong>designed for the automatic mechanical treatment of effluent discharged from vacuum trucks and collected <\/strong>from tanks.<\/p>\n<p>This <strong>Noggerath<sup>\u00ae<\/sup><\/strong> <strong>Septage Receiving Station NSI-SRS <\/strong>station is made of stainless steel, has a hermetic tank and an <a href=\"https:\/\/fineco.lt\/product\/noggerath-spiral-sieve-nsi\/?lang=en\">Spiral Sieve NSI<\/a>. The spiral screen included in the package is the best-selling grating of its type in the world. Due to its quality and versatility and its high operational reliability. This unit stands out for its ability to handle incoming wastewater efficiently, saving time, resources and the environment:<\/p>\n<h4>Advantages:<\/h4>\n<ul>\n<li><strong>Efficiency.<\/strong> The Perrot connector with automatic clamping valve and the connection for measuring the discharge parameters control the efficient discharge of wastewater and the odor shut-off.<\/li>\n<li><strong>Versatility and Compactness.<\/strong> The unit covers all the most important pre-treatment processes, yet is compact and easily adaptable to different site conditions.<\/li>\n<li><strong>Technological Innovation.<\/strong>\u00a0With the revolutionary <a href=\"https:\/\/fineco.meta-solutions.lt\/product\/noggerath-red-radial-eco-drive-pavara\/\"><strong>Noggerath\u00ae Radial Eco Drive RED<\/strong><\/a> technology, the removal of screened materials will be ensured without any clogging. The use of this drive reduces the need for maintenance and increases additional safety for workers by eliminating the need for manual unloading of sifted waste in the unloading area.<\/li>\n<li><strong>Hygiene and environmental protection. <\/strong>Integrated automatic compaction zone and tank flushing systems ensure smooth and hygienic reception, treatment and environmental protection.<\/li>\n<li><strong>Durability.<\/strong>\u00a0High-quality stainless steel and engineered solution components ensure long-lasting and reliable use, even under extreme conditions.<\/li>\n<li><strong>Easy Integration.<\/strong>\u00a0The modular assembly allows the unit to be easily adapted and integrated into existing wastewater treatment systems.<\/li>\n<\/ul>\n<p>The <strong>Noggerath\u00ae Septage Receiving Station NSI-SRS<\/strong> is not only a technological device, but also an efficient solution for the treatment of incoming wastewater, helping to keep the environment clean and safe.<\/p>\n","protected":false},"excerpt":{"rendered":"<h4>Noggerath<sup>\u00ae <\/sup>Septage Receiving Station NSI-SRS &#8211; efficient and sustainable wastewater treatment<\/h4>\n<hr \/>\n<p>Noggerath<sup>\u00ae <\/sup>Septage Receiving Station NSI-SRS is an innovative and reliable solution for automatic treatment of incoming sewage. This device efficiently receives and mechanically cleans the wastewater discharged from vacuum trucks, preparing it for further treatment and provides the following capabilities:<\/p>\n<ul>\n<li>Fast emptying of vacuum trucks with odor sealing.<\/li>\n<li>Hygienic reception and preparation of wastewater for primary treatment.<\/li>\n<li>Reliable and efficient separation of suspended solids.<\/li>\n<li>COD and BOD reduction associated with solids removal.<\/li>\n<\/ul>\n<p>Want to know more?<\/p>\n","protected":false},"featured_media":6190,"template":"","meta":[],"product_cat":[74,120],"product_tag":[],"class_list":{"0":"post-7338","1":"product","2":"type-product","3":"status-publish","4":"has-post-thumbnail","6":"product_cat-reception-of-incoming-waste-water","7":"product_cat-waste-water-receipt-stations-without-accounting","8":"description-off","10":"first","11":"instock","12":"taxable","13":"shipping-taxable","14":"product-type-simple"},"acf":[],"yoast_head":"<!-- This site is optimized with the Yoast SEO plugin v24.1 - https:\/\/yoast.com\/wordpress\/plugins\/seo\/ -->\n<title>Noggerath\u00ae Septage Receiving Station NSI-SRS - Fineco<\/title>\n<meta name=\"description\" content=\"Noggerath\u00ae Septage Receiving Station NSI-SRS is an innovative and reliable solution for automatic treatment of incoming sewage.\" \/>\n<meta name=\"robots\" content=\"index, follow, max-snippet:-1, max-image-preview:large, max-video-preview:-1\" \/>\n<link rel=\"canonical\" href=\"https:\/\/fineco.lt\/product\/noggerath-septage-receiving-station-nsi-srs\/?lang=en\" \/>\n<meta property=\"og:locale\" content=\"en_US\" \/>\n<meta property=\"og:type\" content=\"article\" \/>\n<meta property=\"og:title\" content=\"Noggerath\u00ae Septage Receiving Station NSI-SRS - Fineco\" \/>\n<meta property=\"og:description\" content=\"Noggerath\u00ae Septage Receiving Station NSI-SRS is an innovative and reliable solution for automatic treatment of incoming sewage.\" \/>\n<meta property=\"og:url\" content=\"https:\/\/fineco.lt\/product\/noggerath-septage-receiving-station-nsi-srs\/?lang=en\" \/>\n<meta property=\"og:site_name\" content=\"Fineco\" \/>\n<meta property=\"article:publisher\" content=\"https:\/\/www.facebook.com\/profile.php?id=61558678611023&amp;locale=lt_LT\" \/>\n<meta property=\"article:modified_time\" content=\"2024-04-23T11:01:37+00:00\" \/>\n<meta property=\"og:image\" content=\"https:\/\/fineco.lt\/wp-content\/uploads\/2024\/01\/NSI-SRS-1.jpg\" \/>\n\t<meta property=\"og:image:width\" content=\"591\" \/>\n\t<meta property=\"og:image:height\" content=\"647\" \/>\n\t<meta property=\"og:image:type\" content=\"image\/jpeg\" \/>\n<meta name=\"twitter:card\" content=\"summary_large_image\" \/>\n<meta name=\"twitter:label1\" content=\"Est. reading time\" \/>\n\t<meta name=\"twitter:data1\" content=\"2 minutes\" \/>\n<script type=\"application\/ld+json\" class=\"yoast-schema-graph\">{\"@context\":\"https:\/\/schema.org\",\"@graph\":[{\"@type\":\"WebPage\",\"@id\":\"https:\/\/fineco.lt\/product\/noggerath-septage-receiving-station-nsi-srs\/?lang=en\",\"url\":\"https:\/\/fineco.lt\/product\/noggerath-septage-receiving-station-nsi-srs\/?lang=en\",\"name\":\"Noggerath\u00ae Septage Receiving Station NSI-SRS - Fineco\",\"isPartOf\":{\"@id\":\"https:\/\/fineco.lt\/#website\"},\"primaryImageOfPage\":{\"@id\":\"https:\/\/fineco.lt\/product\/noggerath-septage-receiving-station-nsi-srs\/?lang=en#primaryimage\"},\"image\":{\"@id\":\"https:\/\/fineco.lt\/product\/noggerath-septage-receiving-station-nsi-srs\/?lang=en#primaryimage\"},\"thumbnailUrl\":\"https:\/\/fineco.lt\/wp-content\/uploads\/2024\/01\/Staigtinis-sietas-NSI-D-T.jpg\",\"datePublished\":\"2024-01-27T12:53:59+00:00\",\"dateModified\":\"2024-04-23T11:01:37+00:00\",\"description\":\"Noggerath\u00ae Septage Receiving Station NSI-SRS is an innovative and reliable solution for automatic treatment of incoming sewage.\",\"breadcrumb\":{\"@id\":\"https:\/\/fineco.lt\/product\/noggerath-septage-receiving-station-nsi-srs\/?lang=en#breadcrumb\"},\"inLanguage\":\"en-US\",\"potentialAction\":[{\"@type\":\"ReadAction\",\"target\":[\"https:\/\/fineco.lt\/product\/noggerath-septage-receiving-station-nsi-srs\/?lang=en\"]}]},{\"@type\":\"ImageObject\",\"inLanguage\":\"en-US\",\"@id\":\"https:\/\/fineco.lt\/product\/noggerath-septage-receiving-station-nsi-srs\/?lang=en#primaryimage\",\"url\":\"https:\/\/fineco.lt\/wp-content\/uploads\/2024\/01\/Staigtinis-sietas-NSI-D-T.jpg\",\"contentUrl\":\"https:\/\/fineco.lt\/wp-content\/uploads\/2024\/01\/Staigtinis-sietas-NSI-D-T.jpg\",\"width\":608,\"height\":754,\"caption\":\"Atve\u017etini\u0173 nuotek\u0173 pri\u0117mimo Sraigtinis sietas NSI SRS\"},{\"@type\":\"BreadcrumbList\",\"@id\":\"https:\/\/fineco.lt\/product\/noggerath-septage-receiving-station-nsi-srs\/?lang=en#breadcrumb\",\"itemListElement\":[{\"@type\":\"ListItem\",\"position\":1,\"name\":\"Home\",\"item\":\"https:\/\/fineco.lt\/en\/\"},{\"@type\":\"ListItem\",\"position\":2,\"name\":\"Shop\",\"item\":\"https:\/\/fineco.lt\/shop\/?lang=en\"},{\"@type\":\"ListItem\",\"position\":3,\"name\":\"Noggerath\u00ae Septage Receiving Station NSI-SRS\"}]},{\"@type\":\"WebSite\",\"@id\":\"https:\/\/fineco.lt\/#website\",\"url\":\"https:\/\/fineco.lt\/\",\"name\":\"Fineco\",\"description\":\"\",\"publisher\":{\"@id\":\"https:\/\/fineco.lt\/#organization\"},\"potentialAction\":[{\"@type\":\"SearchAction\",\"target\":{\"@type\":\"EntryPoint\",\"urlTemplate\":\"https:\/\/fineco.lt\/?s={search_term_string}\"},\"query-input\":{\"@type\":\"PropertyValueSpecification\",\"valueRequired\":true,\"valueName\":\"search_term_string\"}}],\"inLanguage\":\"en-US\"},{\"@type\":\"Organization\",\"@id\":\"https:\/\/fineco.lt\/#organization\",\"name\":\"Fineco\",\"url\":\"https:\/\/fineco.lt\/\",\"logo\":{\"@type\":\"ImageObject\",\"inLanguage\":\"en-US\",\"@id\":\"https:\/\/fineco.lt\/#\/schema\/logo\/image\/\",\"url\":\"https:\/\/fineco.lt\/wp-content\/uploads\/2023\/09\/logo-fineco-baltesnis-90.png\",\"contentUrl\":\"https:\/\/fineco.lt\/wp-content\/uploads\/2023\/09\/logo-fineco-baltesnis-90.png\",\"width\":240,\"height\":90,\"caption\":\"Fineco\"},\"image\":{\"@id\":\"https:\/\/fineco.lt\/#\/schema\/logo\/image\/\"},\"sameAs\":[\"https:\/\/www.facebook.com\/profile.php?id=61558678611023&locale=lt_LT\"]}]}<\/script>\n<!-- \/ Yoast SEO plugin. -->","yoast_head_json":{"title":"Noggerath\u00ae Septage Receiving Station NSI-SRS - Fineco","description":"Noggerath\u00ae Septage Receiving Station NSI-SRS is an innovative and reliable solution for automatic treatment of incoming sewage.","robots":{"index":"index","follow":"follow","max-snippet":"max-snippet:-1","max-image-preview":"max-image-preview:large","max-video-preview":"max-video-preview:-1"},"canonical":"https:\/\/fineco.lt\/product\/noggerath-septage-receiving-station-nsi-srs\/?lang=en","og_locale":"en_US","og_type":"article","og_title":"Noggerath\u00ae Septage Receiving Station NSI-SRS - Fineco","og_description":"Noggerath\u00ae Septage Receiving Station NSI-SRS is an innovative and reliable solution for automatic treatment of incoming sewage.","og_url":"https:\/\/fineco.lt\/product\/noggerath-septage-receiving-station-nsi-srs\/?lang=en","og_site_name":"Fineco","article_publisher":"https:\/\/www.facebook.com\/profile.php?id=61558678611023&locale=lt_LT","article_modified_time":"2024-04-23T11:01:37+00:00","og_image":[{"width":591,"height":647,"url":"https:\/\/fineco.lt\/wp-content\/uploads\/2024\/01\/NSI-SRS-1.jpg","type":"image\/jpeg"}],"twitter_card":"summary_large_image","twitter_misc":{"Est. reading time":"2 minutes"},"schema":{"@context":"https:\/\/schema.org","@graph":[{"@type":"WebPage","@id":"https:\/\/fineco.lt\/product\/noggerath-septage-receiving-station-nsi-srs\/?lang=en","url":"https:\/\/fineco.lt\/product\/noggerath-septage-receiving-station-nsi-srs\/?lang=en","name":"Noggerath\u00ae Septage Receiving Station NSI-SRS - Fineco","isPartOf":{"@id":"https:\/\/fineco.lt\/#website"},"primaryImageOfPage":{"@id":"https:\/\/fineco.lt\/product\/noggerath-septage-receiving-station-nsi-srs\/?lang=en#primaryimage"},"image":{"@id":"https:\/\/fineco.lt\/product\/noggerath-septage-receiving-station-nsi-srs\/?lang=en#primaryimage"},"thumbnailUrl":"https:\/\/fineco.lt\/wp-content\/uploads\/2024\/01\/Staigtinis-sietas-NSI-D-T.jpg","datePublished":"2024-01-27T12:53:59+00:00","dateModified":"2024-04-23T11:01:37+00:00","description":"Noggerath\u00ae Septage Receiving Station NSI-SRS is an innovative and reliable solution for automatic treatment of incoming sewage.","breadcrumb":{"@id":"https:\/\/fineco.lt\/product\/noggerath-septage-receiving-station-nsi-srs\/?lang=en#breadcrumb"},"inLanguage":"en-US","potentialAction":[{"@type":"ReadAction","target":["https:\/\/fineco.lt\/product\/noggerath-septage-receiving-station-nsi-srs\/?lang=en"]}]},{"@type":"ImageObject","inLanguage":"en-US","@id":"https:\/\/fineco.lt\/product\/noggerath-septage-receiving-station-nsi-srs\/?lang=en#primaryimage","url":"https:\/\/fineco.lt\/wp-content\/uploads\/2024\/01\/Staigtinis-sietas-NSI-D-T.jpg","contentUrl":"https:\/\/fineco.lt\/wp-content\/uploads\/2024\/01\/Staigtinis-sietas-NSI-D-T.jpg","width":608,"height":754,"caption":"Atve\u017etini\u0173 nuotek\u0173 pri\u0117mimo Sraigtinis sietas NSI SRS"},{"@type":"BreadcrumbList","@id":"https:\/\/fineco.lt\/product\/noggerath-septage-receiving-station-nsi-srs\/?lang=en#breadcrumb","itemListElement":[{"@type":"ListItem","position":1,"name":"Home","item":"https:\/\/fineco.lt\/en\/"},{"@type":"ListItem","position":2,"name":"Shop","item":"https:\/\/fineco.lt\/shop\/?lang=en"},{"@type":"ListItem","position":3,"name":"Noggerath\u00ae Septage Receiving Station NSI-SRS"}]},{"@type":"WebSite","@id":"https:\/\/fineco.lt\/#website","url":"https:\/\/fineco.lt\/","name":"Fineco","description":"","publisher":{"@id":"https:\/\/fineco.lt\/#organization"},"potentialAction":[{"@type":"SearchAction","target":{"@type":"EntryPoint","urlTemplate":"https:\/\/fineco.lt\/?s={search_term_string}"},"query-input":{"@type":"PropertyValueSpecification","valueRequired":true,"valueName":"search_term_string"}}],"inLanguage":"en-US"},{"@type":"Organization","@id":"https:\/\/fineco.lt\/#organization","name":"Fineco","url":"https:\/\/fineco.lt\/","logo":{"@type":"ImageObject","inLanguage":"en-US","@id":"https:\/\/fineco.lt\/#\/schema\/logo\/image\/","url":"https:\/\/fineco.lt\/wp-content\/uploads\/2023\/09\/logo-fineco-baltesnis-90.png","contentUrl":"https:\/\/fineco.lt\/wp-content\/uploads\/2023\/09\/logo-fineco-baltesnis-90.png","width":240,"height":90,"caption":"Fineco"},"image":{"@id":"https:\/\/fineco.lt\/#\/schema\/logo\/image\/"},"sameAs":["https:\/\/www.facebook.com\/profile.php?id=61558678611023&locale=lt_LT"]}]}},"_links":{"self":[{"href":"https:\/\/fineco.lt\/en\/wp-json\/wp\/v2\/product\/7338","targetHints":{"allow":["GET"]}}],"collection":[{"href":"https:\/\/fineco.lt\/en\/wp-json\/wp\/v2\/product"}],"about":[{"href":"https:\/\/fineco.lt\/en\/wp-json\/wp\/v2\/types\/product"}],"version-history":[{"count":8,"href":"https:\/\/fineco.lt\/en\/wp-json\/wp\/v2\/product\/7338\/revisions"}],"predecessor-version":[{"id":7509,"href":"https:\/\/fineco.lt\/en\/wp-json\/wp\/v2\/product\/7338\/revisions\/7509"}],"wp:featuredmedia":[{"embeddable":true,"href":"https:\/\/fineco.lt\/en\/wp-json\/wp\/v2\/media\/6190"}],"wp:attachment":[{"href":"https:\/\/fineco.lt\/en\/wp-json\/wp\/v2\/media?parent=7338"}],"wp:term":[{"taxonomy":"product_cat","embeddable":true,"href":"https:\/\/fineco.lt\/en\/wp-json\/wp\/v2\/product_cat?post=7338"},{"taxonomy":"product_tag","embeddable":true,"href":"https:\/\/fineco.lt\/en\/wp-json\/wp\/v2\/product_tag?post=7338"}],"curies":[{"name":"wp","href":"https:\/\/api.w.org\/{rel}","templated":true}]}}